{"id":1359,"date":"2022-01-27T13:46:31","date_gmt":"2022-01-27T11:46:31","guid":{"rendered":"https:\/\/www.jetirent.ee\/?page_id=1359"},"modified":"2024-12-10T15:39:53","modified_gmt":"2024-12-10T13:39:53","slug":"koolitused","status":"publish","type":"page","link":"https:\/\/www.jetirent.ee\/en\/koolitused\/","title":{"rendered":"Training"},"content":{"rendered":"<div class=\"vc_row wpb_row vc_row-fluid\"><div class=\"wpb_column vc_column_container vc_col-sm-12\"><div class=\"vc_column-inner\"><div class=\"wpb_wrapper\">\n\t<div class=\"wpb_text_column wpb_content_element\" >\n\t\t<div class=\"wpb_wrapper\">\n\t\t\t<p><strong>Register for the training at info@meretargad.ee. For further questions, please call 5623 8831<\/strong><br \/>\n<strong>Let's answer some possible questions from the beginning:<\/strong><br \/>\n\u2047 Yes, personal watercraft driving licences are mandatory in Estonia.<br \/>\n\u2047 You must be 15+ years old to apply for permits.<br \/>\n\u2047 All equipment is provided by us (callipsos, vests, personal watercraft).<br \/>\n\u2047 The training includes theory, examination and practice at sea.<br \/>\n\u2047 If you have several friends who wish to come to the training, but the time is not suitable, write and we will find another time and, if necessary, another place!<br \/>\n\u2047 We are also doing personal watercraft driver training for companies \u2013 a great idea for summer days!<br \/>\n\u2047 The price of the training is 200.-<\/p>\n\n\t\t<\/div>\n\t<\/div>\n<\/div><\/div><\/div><\/div><div class=\"vc_row wpb_row vc_row-fluid\"><div class=\"wpb_column vc_column_container vc_col-sm-12\"><div class=\"vc_column-inner\"><div class=\"wpb_wrapper\"><div class=\"woocommerce columns-4\"><ul class=\"products columns-4\">\n<li class=\"product type-product post-1356 status-publish first instock product_cat-koolitused has-post-thumbnail shipping-taxable purchasable product-type-simple\">\n\t<a href=\"https:\/\/www.jetirent.ee\/en\/product\/jetijuhi-koolitus\/\" class=\"woocommerce-LoopProduct-link woocommerce-loop-product__link\"><img loading=\"lazy\" decoding=\"async\" width=\"400\" height=\"400\" src=\"https:\/\/www.jetirent.ee\/wp-content\/uploads\/2022\/01\/jetikoolitus-400x400.png\" class=\"attachment-woocommerce_thumbnail size-woocommerce_thumbnail\" alt=\"Jet driver training\" srcset=\"https:\/\/www.jetirent.ee\/wp-content\/uploads\/2022\/01\/jetikoolitus-400x400.png 400w, https:\/\/www.jetirent.ee\/wp-content\/uploads\/2022\/01\/jetikoolitus-300x300.png 300w, https:\/\/www.jetirent.ee\/wp-content\/uploads\/2022\/01\/jetikoolitus-150x150.png 150w, https:\/\/www.jetirent.ee\/wp-content\/uploads\/2022\/01\/jetikoolitus-100x100.png 100w, https:\/\/www.jetirent.ee\/wp-content\/uploads\/2022\/01\/jetikoolitus.png 600w\" sizes=\"auto, (max-width: 400px) 100vw, 400px\" \/><h2 class=\"woocommerce-loop-product__title\">Jet driver training<\/h2>\n\t<span class=\"price\"><span class=\"woocommerce-Price-amount amount\"><bdi>180<span class=\"woocommerce-Price-currencySymbol\">\u20ac<\/span><\/bdi><\/span><\/span>\n<\/a><\/li>\n<\/ul>\n<\/div><\/div><\/div><\/div><\/div>","protected":false},"excerpt":{"rendered":"Registreeru koolitusele info@meretargad.ee. T\u00e4psustavate k\u00fcsimustega helista 5623 8831 Vastame juba eos \u00e4ra m\u00f5ned v\u00f5imalikud k\u00fcsimused: \ud83d\udd39Jah, Eestis on jetijuhiload kohustuslikud. \ud83d\udd39Lubade taotlemiseks pead olema 15+ aastat noor. \ud83d\udd39Kogu varustus on meie poolt (kalipsod, vestid, jetid). \ud83d\udd39Koolitus sisaldab teooriat, eksamit ja praktikat merel. \ud83d\udd39Kui sul on mitu s\u00f5pra, kes soovib koolitusele tulla, kuid aeg ei sobi, [...]","protected":false},"author":4,"featured_media":0,"parent":0,"menu_order":0,"comment_status":"closed","ping_status":"closed","template":"","meta":{"_vp_format_video_url":"","_vp_image_focal_point":[],"footnotes":""},"class_list":["post-1359","page","type-page","status-publish","hentry"],"_links":{"self":[{"href":"https:\/\/www.jetirent.ee\/en\/wp-json\/wp\/v2\/pages\/1359","targetHints":{"allow":["GET"]}}],"collection":[{"href":"https:\/\/www.jetirent.ee\/en\/wp-json\/wp\/v2\/pages"}],"about":[{"href":"https:\/\/www.jetirent.ee\/en\/wp-json\/wp\/v2\/types\/page"}],"author":[{"embeddable":true,"href":"https:\/\/www.jetirent.ee\/en\/wp-json\/wp\/v2\/users\/4"}],"replies":[{"embeddable":true,"href":"https:\/\/www.jetirent.ee\/en\/wp-json\/wp\/v2\/comments?post=1359"}],"version-history":[{"count":4,"href":"https:\/\/www.jetirent.ee\/en\/wp-json\/wp\/v2\/pages\/1359\/revisions"}],"predecessor-version":[{"id":2998,"href":"https:\/\/www.jetirent.ee\/en\/wp-json\/wp\/v2\/pages\/1359\/revisions\/2998"}],"wp:attachment":[{"href":"https:\/\/www.jetirent.ee\/en\/wp-json\/wp\/v2\/media?parent=1359"}],"curies":[{"name":"wp","href":"https:\/\/api.w.org\/{rel}","templated":true}]}}