{"id":480,"date":"2021-05-05T19:15:31","date_gmt":"2021-05-05T16:15:31","guid":{"rendered":"https:\/\/www.jetirent.ee\/?page_id=480"},"modified":"2024-12-11T14:12:35","modified_gmt":"2024-12-11T12:12:35","slug":"paketid","status":"publish","type":"page","link":"https:\/\/www.jetirent.ee\/en\/paketid\/","title":{"rendered":"Packages"},"content":{"rendered":"<div class=\"vc_row wpb_row vc_row-fluid\"><div class=\"wpb_column vc_column_container vc_col-sm-12\"><div class=\"vc_column-inner\"><div class=\"wpb_wrapper\"><div class=\"woocommerce columns-4\"><ul class=\"products columns-4\">\n<li class=\"product type-product post-2641 status-publish first instock product_cat-paketid has-post-thumbnail virtual product-type-simple\">\n\t<a href=\"https:\/\/www.jetirent.ee\/en\/product\/jetirafari\/\" class=\"woocommerce-LoopProduct-link woocommerce-loop-product__link\"><img loading=\"lazy\" decoding=\"async\" width=\"400\" height=\"400\" src=\"https:\/\/www.jetirent.ee\/wp-content\/uploads\/2024\/02\/saf-400x400.jpg\" class=\"attachment-woocommerce_thumbnail size-woocommerce_thumbnail\" alt=\"Jetisafari\" srcset=\"https:\/\/www.jetirent.ee\/wp-content\/uploads\/2024\/02\/saf-400x400.jpg 400w, https:\/\/www.jetirent.ee\/wp-content\/uploads\/2024\/02\/saf-150x150.jpg 150w, https:\/\/www.jetirent.ee\/wp-content\/uploads\/2024\/02\/saf-100x100.jpg 100w\" sizes=\"auto, (max-width: 400px) 100vw, 400px\" \/><h2 class=\"woocommerce-loop-product__title\">Jetisafari<\/h2>\n<\/a><\/li>\n<li class=\"product type-product post-361 status-publish instock product_cat-paketid has-post-thumbnail sold-individually shipping-taxable purchasable product-type-simple\">\n\t<a href=\"https:\/\/www.jetirent.ee\/en\/product\/romantikapakett\/\" class=\"woocommerce-LoopProduct-link woocommerce-loop-product__link\"><img loading=\"lazy\" decoding=\"async\" width=\"400\" height=\"400\" src=\"https:\/\/www.jetirent.ee\/wp-content\/uploads\/2021\/04\/karinmartin_miilustamas-400x400.jpg\" class=\"attachment-woocommerce_thumbnail size-woocommerce_thumbnail\" alt=\"Romance package\" srcset=\"https:\/\/www.jetirent.ee\/wp-content\/uploads\/2021\/04\/karinmartin_miilustamas-400x400.jpg 400w, https:\/\/www.jetirent.ee\/wp-content\/uploads\/2021\/04\/karinmartin_miilustamas-100x100.jpg 100w, https:\/\/www.jetirent.ee\/wp-content\/uploads\/2021\/04\/karinmartin_miilustamas-150x150.jpg 150w, https:\/\/www.jetirent.ee\/wp-content\/uploads\/2021\/04\/karinmartin_miilustamas-382x382.jpg 382w\" sizes=\"auto, (max-width: 400px) 100vw, 400px\" \/><h2 class=\"woocommerce-loop-product__title\">Romance package<\/h2>\n\t<span class=\"price\"><span class=\"woocommerce-Price-amount amount\"><bdi>99<span class=\"woocommerce-Price-currencySymbol\">\u20ac<\/span><\/bdi><\/span><\/span>\n<\/a><\/li>\n<li class=\"product type-product post-358 status-publish instock product_cat-paketid has-post-thumbnail sold-individually shipping-taxable purchasable product-type-simple\">\n\t<a href=\"https:\/\/www.jetirent.ee\/en\/product\/lobus-veespordiuritus-tallinna-lahel\/\" class=\"woocommerce-LoopProduct-link woocommerce-loop-product__link\"><img loading=\"lazy\" decoding=\"async\" width=\"400\" height=\"400\" src=\"https:\/\/www.jetirent.ee\/wp-content\/uploads\/2021\/04\/adrenaliin_sopruskond-400x400.jpg\" class=\"attachment-woocommerce_thumbnail size-woocommerce_thumbnail\" alt=\"A fun water sports event\" srcset=\"https:\/\/www.jetirent.ee\/wp-content\/uploads\/2021\/04\/adrenaliin_sopruskond-400x400.jpg 400w, https:\/\/www.jetirent.ee\/wp-content\/uploads\/2021\/04\/adrenaliin_sopruskond-100x100.jpg 100w, https:\/\/www.jetirent.ee\/wp-content\/uploads\/2021\/04\/adrenaliin_sopruskond-150x150.jpg 150w, https:\/\/www.jetirent.ee\/wp-content\/uploads\/2021\/04\/adrenaliin_sopruskond-382x382.jpg 382w\" sizes=\"auto, (max-width: 400px) 100vw, 400px\" \/><h2 class=\"woocommerce-loop-product__title\">A fun water sports event<\/h2>\n\t<span class=\"price\"><span class=\"woocommerce-Price-amount amount\"><bdi>420<span class=\"woocommerce-Price-currencySymbol\">\u20ac<\/span><\/bdi><\/span><\/span>\n<\/a><\/li>\n<li class=\"product type-product post-363 status-publish last instock product_cat-paketid has-post-thumbnail sold-individually shipping-taxable purchasable product-type-simple\">\n\t<a href=\"https:\/\/www.jetirent.ee\/en\/product\/adrenaliinirohke-sopruskonna-spordipaev-tallinna-lahel\/\" class=\"woocommerce-LoopProduct-link woocommerce-loop-product__link\"><img loading=\"lazy\" decoding=\"async\" width=\"400\" height=\"400\" src=\"https:\/\/www.jetirent.ee\/wp-content\/uploads\/2021\/04\/adrenaliin-400x400.jpg\" class=\"attachment-woocommerce_thumbnail size-woocommerce_thumbnail\" alt=\"Adrenaline-rich sports day in Tallinn Bay\" srcset=\"https:\/\/www.jetirent.ee\/wp-content\/uploads\/2021\/04\/adrenaliin-400x400.jpg 400w, https:\/\/www.jetirent.ee\/wp-content\/uploads\/2021\/04\/adrenaliin-100x100.jpg 100w, https:\/\/www.jetirent.ee\/wp-content\/uploads\/2021\/04\/adrenaliin-150x150.jpg 150w, https:\/\/www.jetirent.ee\/wp-content\/uploads\/2021\/04\/adrenaliin-382x382.jpg 382w\" sizes=\"auto, (max-width: 400px) 100vw, 400px\" \/><h2 class=\"woocommerce-loop-product__title\">Adrenaline-rich sports day in Tallinn Bay<\/h2>\n\t<span class=\"price\"><span class=\"woocommerce-Price-amount amount\"><bdi>690<span class=\"woocommerce-Price-currencySymbol\">\u20ac<\/span><\/bdi><\/span><\/span>\n<\/a><\/li>\n<\/ul>\n<\/div><\/div><\/div><\/div><\/div>","protected":false},"excerpt":{"rendered":"Jetisafari Romantikapakett 99&euro; L\u00f5bus veespordi\u00fcritus 420&euro; Adrenaliinirohke spordip\u00e4ev Tallinna lahel 690&euro;","protected":false},"author":2,"featured_media":0,"parent":0,"menu_order":0,"comment_status":"closed","ping_status":"closed","template":"","meta":{"_vp_format_video_url":"","_vp_image_focal_point":[],"footnotes":""},"class_list":["post-480","page","type-page","status-publish","hentry"],"_links":{"self":[{"href":"https:\/\/www.jetirent.ee\/en\/wp-json\/wp\/v2\/pages\/480","targetHints":{"allow":["GET"]}}],"collection":[{"href":"https:\/\/www.jetirent.ee\/en\/wp-json\/wp\/v2\/pages"}],"about":[{"href":"https:\/\/www.jetirent.ee\/en\/wp-json\/wp\/v2\/types\/page"}],"author":[{"embeddable":true,"href":"https:\/\/www.jetirent.ee\/en\/wp-json\/wp\/v2\/users\/2"}],"replies":[{"embeddable":true,"href":"https:\/\/www.jetirent.ee\/en\/wp-json\/wp\/v2\/comments?post=480"}],"version-history":[{"count":4,"href":"https:\/\/www.jetirent.ee\/en\/wp-json\/wp\/v2\/pages\/480\/revisions"}],"predecessor-version":[{"id":3019,"href":"https:\/\/www.jetirent.ee\/en\/wp-json\/wp\/v2\/pages\/480\/revisions\/3019"}],"wp:attachment":[{"href":"https:\/\/www.jetirent.ee\/en\/wp-json\/wp\/v2\/media?parent=480"}],"curies":[{"name":"wp","href":"https:\/\/api.w.org\/{rel}","templated":true}]}}