{"id":536,"date":"2021-05-24T14:24:39","date_gmt":"2021-05-24T11:24:39","guid":{"rendered":"https:\/\/www.jetirent.ee\/?page_id=536"},"modified":"2021-05-24T14:36:29","modified_gmt":"2021-05-24T11:36:29","slug":"jetirendi-info","status":"publish","type":"page","link":"https:\/\/www.jetirent.ee\/en\/jetirendi-info\/","title":{"rendered":"Jet lease information"},"content":{"rendered":"<div class=\"vc_row wpb_row vc_row-fluid\"><div class=\"wpb_column vc_column_container vc_col-sm-6\"><div class=\"vc_column-inner\"><div class=\"wpb_wrapper\">\n\t<div class=\"wpb_text_column wpb_content_element\" >\n\t\t<div class=\"wpb_wrapper\">\n\t\t\t<h1>Driving a Jet? \u2013 But what is it and how to manage it?<\/h1>\n<p>Jet is a turbine-powered and internally powered craft. The principle of operation is that the turbine sucks into the water from the opening under the bottom and expels it from the rear as a jet. Jet's got gas, but no brakes. The speed can only be reduced by reducing the gas.<\/p>\n<p>To turn the jet, you need to keep it on the gas so that the water jet does not disappear. If the gas is shot, the vehicle becomes unstable and difficult to control.<\/p>\n<p>There are two types of personal watercraft: seating and parking watercraft. The first one is sitting, the second one is standing. The standing machine is well suited as a training tool, the seating machine develops a high final speed and has better acceleration. The seat is especially good for fun, as you can bring a companion with you.<\/p>\n<p>Anything but riding a jet!<\/p>\n\n\t\t<\/div>\n\t<\/div>\n<\/div><\/div><\/div><div class=\"wpb_column vc_column_container vc_col-sm-6\"><div class=\"vc_column-inner\"><div class=\"wpb_wrapper\">\n\t<div  class=\"wpb_single_image wpb_content_element vc_align_left\">\n\t\t\n\t\t<figure class=\"wpb_wrapper vc_figure\">\n\t\t\t<div class=\"vc_single_image-wrapper   vc_box_border_grey\"><img loading=\"lazy\" decoding=\"async\" width=\"840\" height=\"470\" src=\"https:\/\/www.jetirent.ee\/wp-content\/uploads\/2021\/05\/2012-seadoo-rxp-x-watercraft-in-action-video_21.jpg\" class=\"vc_single_image-img attachment-full\" alt=\"\" title=\"2012-seadoo-rxp-x-watercraft-in-action-video_21\" srcset=\"https:\/\/www.jetirent.ee\/wp-content\/uploads\/2021\/05\/2012-seadoo-rxp-x-watercraft-in-action-video_21.jpg 840w, https:\/\/www.jetirent.ee\/wp-content\/uploads\/2021\/05\/2012-seadoo-rxp-x-watercraft-in-action-video_21-600x336.jpg 600w, https:\/\/www.jetirent.ee\/wp-content\/uploads\/2021\/05\/2012-seadoo-rxp-x-watercraft-in-action-video_21-300x168.jpg 300w, https:\/\/www.jetirent.ee\/wp-content\/uploads\/2021\/05\/2012-seadoo-rxp-x-watercraft-in-action-video_21-768x430.jpg 768w, https:\/\/www.jetirent.ee\/wp-content\/uploads\/2021\/05\/2012-seadoo-rxp-x-watercraft-in-action-video_21-500x280.jpg 500w, https:\/\/www.jetirent.ee\/wp-content\/uploads\/2021\/05\/2012-seadoo-rxp-x-watercraft-in-action-video_21-800x448.jpg 800w, https:\/\/www.jetirent.ee\/wp-content\/uploads\/2021\/05\/2012-seadoo-rxp-x-watercraft-in-action-video_21-100x56.jpg 100w\" sizes=\"auto, (max-width: 840px) 100vw, 840px\" \/><\/div>\n\t\t<\/figure>\n\t<\/div>\n<\/div><\/div><\/div><\/div><div class=\"vc_row wpb_row vc_row-fluid\"><div class=\"wpb_column vc_column_container vc_col-sm-12\"><div class=\"vc_column-inner\"><div class=\"wpb_wrapper\">\n\t<div class=\"wpb_text_column wpb_content_element\" >\n\t\t<div class=\"wpb_wrapper\">\n\t\t\t<h1>Driving a Jet? \u2013 But what happens when you fall into the water?<\/h1>\n<p>The key of the jet has a rope attached, the loose end of which must be attached to the loop of the wrist or lifejacket. It is designed for when the driver falls into the water, then when falling, the cord pulls out and the engine stops.<\/p>\n<p>If the jet gets up when it falls, you can climb on it from behind again. However, if the jet goes upside down, the vehicle must first be turned upright. To do this, you need to swim behind the personal watercraft, where you can find a sticker with an arrow indicating in which direction the personal watercraft can be turned. This is important because if you turn the body upside down, the water in the body can easily get into the air inlets and from there on into the engine!<\/p>\n<p>Don't worry, we'll explain it all over again. Come and ride the jet!<\/p>\n\n\t\t<\/div>\n\t<\/div>\n\n\t<div class=\"wpb_text_column wpb_content_element\" >\n\t\t<div class=\"wpb_wrapper\">\n\t\t\t<h1>JETIREND Aide-memoire<\/h1>\n<p>Jet riding gives a pleasant and adrenaline-rich experience. In order to get the best experience, we recommend that a personal watercraft lender:<\/p>\n<ul>\n<li>be sober;<\/li>\n<li>be at least 18 years of age;<\/li>\n<li>bring a driver's license;<\/li>\n<li>sign the lease agreement;<\/li>\n<li>wear a calibre, lifejacket and helmet;<\/li>\n<li>avoid the creation of waves in the port;<\/li>\n<li>ride a personal watercraft in a designated place (particular attention should be paid to lowlands, rocks, other occupants and buoys);<\/li>\n<li>take into account the long braking distance;<\/li>\n<li>bring a driving licence and an identity document;<\/li>\n<li>avoid sailing in large waves on the high seas;<\/li>\n<li>avoid the inlet and outlet of the turbine.<\/li>\n<\/ul>\n\n\t\t<\/div>\n\t<\/div>\n<\/div><\/div><\/div><\/div><div class=\"vc_row wpb_row vc_row-fluid vc_custom_1619543364050\"><div class=\"wpb_column vc_column_container vc_col-sm-12\"><div class=\"vc_column-inner\"><div class=\"wpb_wrapper\"><h2 style=\"text-align: center\" class=\"vc_custom_heading\" >NAISSAAR and AEGNA - surrounding islands<\/h2><\/div><\/div><\/div><\/div><div data-vc-full-width=\"true\" data-vc-full-width-init=\"false\" class=\"vc_row wpb_row vc_row-fluid vc_custom_1619543416913 vc_row-o-equal-height vc_row-o-content-middle vc_row-flex\"><div class=\"wpb_column vc_column_container vc_col-sm-3 vc_col-has-fill\"><div class=\"vc_column-inner vc_custom_1619543443118\"><div class=\"wpb_wrapper\"><h3 style=\"color: #ffffff;text-align: center\" class=\"vc_custom_heading vc_custom_1621855932167\" >NAISSAAR is calling! From the port of Kakum\u00e4e to the island of Naissaar - an Estonian paradise!<\/h3><\/div><\/div><\/div><div class=\"wpb_column vc_column_container vc_col-sm-9\"><div class=\"vc_column-inner\"><div class=\"wpb_wrapper\">\n\t<div class=\"wpb_text_column wpb_content_element\" >\n\t\t<div class=\"wpb_wrapper\">\n\t\t\t<p>The island of Naissaar is close to Tallinn, just 12 kilometres away. Naissaar is a quiet and peaceful island where you can have a picnic, have summer days and get acquainted with the beautiful Estonian nature.<\/p>\n<p>Naissaar offers different ways to relax \u2013 why not start your sea trip from the port of Kakum\u00e4e with Jetirend boats. Come and find out more about our possibilities!<\/p>\n\n\t\t<\/div>\n\t<\/div>\n<\/div><\/div><\/div><\/div><div class=\"vc_row-full-width vc_clearfix\"><\/div><div data-vc-full-width=\"true\" data-vc-full-width-init=\"false\" class=\"vc_row wpb_row vc_row-fluid vc_custom_1619543416913 vc_row-o-equal-height vc_row-o-content-middle vc_row-flex\"><div class=\"wpb_column vc_column_container vc_col-sm-8\"><div class=\"vc_column-inner\"><div class=\"wpb_wrapper\">\n\t<div class=\"wpb_text_column wpb_content_element\" >\n\t\t<div class=\"wpb_wrapper\">\n\t\t\t<p>Aegna is located in Tallinn 14 kilometers away. At Aegna you will find beautiful sandy beaches, large boulders and rich nature. The island has been declared a nature reserve for a reason, which is crossed by several hiking trails.<\/p>\n<p>Visit Aegna and start your sea trip from Kakum\u00e4e Harbour in Jetirend. Come and find out more about our possibilities!<\/p>\n\n\t\t<\/div>\n\t<\/div>\n<\/div><\/div><\/div><div class=\"wpb_column vc_column_container vc_col-sm-4 vc_col-has-fill\"><div class=\"vc_column-inner vc_custom_1621855757712\"><div class=\"wpb_wrapper\"><h3 style=\"color: #ffffff;text-align: center\" class=\"vc_custom_heading vc_custom_1621855936483\" >Visit the island of Aegna!<br \/>\nDrive from Kakum\u00e4e harbour to Aegnale island to enjoy the pleasures!<\/h3><\/div><\/div><\/div><\/div><div class=\"vc_row-full-width vc_clearfix\"><\/div>","protected":false},"excerpt":{"rendered":"JETIGA S\u00d5ITMA? - Aga mis see on ja kuidas seda juhtida? Jett on turbiinajami ja sisemootoriga vees\u00f5iduk. T\u00f6\u00f6p\u00f5him\u00f5te seisneb selles, et turbiin imeb p\u00f5hja all olevast avausest vee sisse ning paiskab selle tagaosast joana v\u00e4lja. Jetil on gaas, kuid pidurit ei ole. Kiirust saab v\u00e4hendada ainult gaasi v\u00e4hemaks v\u00f5ttes. Jeti p\u00f6\u00f6ramiseks tuleb hoida gaasi peal, [...]","protected":false},"author":2,"featured_media":0,"parent":0,"menu_order":0,"comment_status":"closed","ping_status":"closed","template":"","meta":{"_vp_format_video_url":"","_vp_image_focal_point":[],"footnotes":""},"class_list":["post-536","page","type-page","status-publish","hentry"],"_links":{"self":[{"href":"https:\/\/www.jetirent.ee\/en\/wp-json\/wp\/v2\/pages\/536","targetHints":{"allow":["GET"]}}],"collection":[{"href":"https:\/\/www.jetirent.ee\/en\/wp-json\/wp\/v2\/pages"}],"about":[{"href":"https:\/\/www.jetirent.ee\/en\/wp-json\/wp\/v2\/types\/page"}],"author":[{"embeddable":true,"href":"https:\/\/www.jetirent.ee\/en\/wp-json\/wp\/v2\/users\/2"}],"replies":[{"embeddable":true,"href":"https:\/\/www.jetirent.ee\/en\/wp-json\/wp\/v2\/comments?post=536"}],"version-history":[{"count":11,"href":"https:\/\/www.jetirent.ee\/en\/wp-json\/wp\/v2\/pages\/536\/revisions"}],"predecessor-version":[{"id":547,"href":"https:\/\/www.jetirent.ee\/en\/wp-json\/wp\/v2\/pages\/536\/revisions\/547"}],"wp:attachment":[{"href":"https:\/\/www.jetirent.ee\/en\/wp-json\/wp\/v2\/media?parent=536"}],"curies":[{"name":"wp","href":"https:\/\/api.w.org\/{rel}","templated":true}]}}